{"id":871,"date":"2018-06-21T06:05:07","date_gmt":"2018-06-21T06:05:07","guid":{"rendered":"http:\/\/guidoknaus.ch\/mk\/?page_id=871"},"modified":"2018-10-21T07:14:55","modified_gmt":"2018-10-21T07:14:55","slug":"swch-2","status":"publish","type":"page","link":"https:\/\/guidoknaus.ch\/mk\/?page_id=871","title":{"rendered":"SWCH"},"content":{"rendered":"<h3>Medienkompetenz als vierte Kulturtechnik 13. Juli 2018<\/h3>\n<h5>CHANCEN UND GEFAHREN NEUER MEDIEN \u2013 WAS KOMMT DA AUF MICH ZU?<\/h5>\n<p>Die Kinder und Jugendlichen nutzen die digitalen Medien teilweise zu unkritisch und sind sich der Wirkung und Folgen von Internetinhalten zu wenig bewusst. Im Medienkurs f\u00fcr Lehrpersonen zeigen wir die digitale Welt der Sch\u00fclerinnen und Sch\u00fcler sowie die mit ihr verbundenen Chancen und Risiken.<br \/>\nInhalte:<br \/>\n&#8211; Generation Internet<br \/>\n&#8211; Gefahren der Mediennutzung<br \/>\n&#8211; Diskussion \u00fcber Fallbeispiele und Handlungsempfehlungen, Ideen zur Nutzung digitaler Medien im Unterricht<br \/>\n&#8211; Auswirkungen der Freizeit-Mediennutzung in der Schule, Ideen f\u00fcr Elterngespr\u00e4che<\/p>\n<h5>Mitbringen<\/h5>\n<p>Laptop (Win\/Mac), Tablet\/Handy (wer hat)<\/p>\n<h5>Kurszeit<\/h5>\n<div class=\"\">\n<p>Die Kurse beginnen an allen ersten Kurstagen\u00a0um\u00a09 Uhr.<br \/>\nKurszeit 13. Juli 2018: 09.00 Uhr \u2013 12.00 Uhr, 13.00 Uhr \u2013 16.30 Uhr (inkl. zweimal 15 Min. Pause)<\/p>\n<\/div>\n<h5>Adresse<\/h5>\n<p>Berufsbildungszentrum BBZ<br \/>\nSch\u00fctzenstrasse 9<br \/>\n8570 Weinfelden<\/p>\n<p><iframe loading=\"lazy\" style=\"border: 0;\" src=\"https:\/\/www.google.com\/maps\/embed?pb=!1m18!1m12!1m3!1d2692.117537102009!2d9.103403215480341!3d47.565501498809624!2m3!1f0!2f0!3f0!3m2!1i1024!2i768!4f13.1!3m3!1m2!1s0x479af1e4ac6c9657%3A0x1128a01361628475!2sSch%C3%BCtzenstrasse+9%2C+8570+Weinfelden!5e0!3m2!1sde!2sch!4v1529555831973\" width=\"600\" height=\"450\" frameborder=\"0\"><\/iframe><\/p>\n<h5>Kursr\u00e4ume<\/h5>\n<p>Berufsbildungszentrum BBZ, Geb\u00e4ude A<br \/>\nA214 (A218)<\/p>\n<p><img decoding=\"async\" loading=\"lazy\" class=\"aligncenter wp-image-873 size-large\" src=\"http:\/\/guidoknaus.ch\/mk\/wp-content\/uploads\/2018\/06\/Bildschirmfoto-2018-06-21-um-06.45.37-1024x822.png\" alt=\"\" width=\"810\" height=\"650\" srcset=\"https:\/\/guidoknaus.ch\/mk\/wp-content\/uploads\/2018\/06\/Bildschirmfoto-2018-06-21-um-06.45.37-1024x822.png 1024w, https:\/\/guidoknaus.ch\/mk\/wp-content\/uploads\/2018\/06\/Bildschirmfoto-2018-06-21-um-06.45.37-300x241.png 300w, https:\/\/guidoknaus.ch\/mk\/wp-content\/uploads\/2018\/06\/Bildschirmfoto-2018-06-21-um-06.45.37-768x617.png 768w, https:\/\/guidoknaus.ch\/mk\/wp-content\/uploads\/2018\/06\/Bildschirmfoto-2018-06-21-um-06.45.37.png 1400w\" sizes=\"(max-width: 810px) 100vw, 810px\" \/><\/p>\n","protected":false},"excerpt":{"rendered":"<p>Medienkompetenz als vierte Kulturtechnik 13. Juli 2018 CHANCEN UND GEFAHREN NEUER MEDIEN \u2013 WAS KOMMT DA AUF MICH ZU? Die Kinder und Jugendlichen nutzen die digitalen Medien teilweise zu unkritisch [&hellip;]<\/p>\n","protected":false},"author":1,"featured_media":0,"parent":116,"menu_order":4,"comment_status":"closed","ping_status":"closed","template":"","meta":[],"_links":{"self":[{"href":"https:\/\/guidoknaus.ch\/mk\/index.php?rest_route=\/wp\/v2\/pages\/871"}],"collection":[{"href":"https:\/\/guidoknaus.ch\/mk\/index.php?rest_route=\/wp\/v2\/pages"}],"about":[{"href":"https:\/\/guidoknaus.ch\/mk\/index.php?rest_route=\/wp\/v2\/types\/page"}],"author":[{"embeddable":true,"href":"https:\/\/guidoknaus.ch\/mk\/index.php?rest_route=\/wp\/v2\/users\/1"}],"replies":[{"embeddable":true,"href":"https:\/\/guidoknaus.ch\/mk\/index.php?rest_route=%2Fwp%2Fv2%2Fcomments&post=871"}],"version-history":[{"count":7,"href":"https:\/\/guidoknaus.ch\/mk\/index.php?rest_route=\/wp\/v2\/pages\/871\/revisions"}],"predecessor-version":[{"id":880,"href":"https:\/\/guidoknaus.ch\/mk\/index.php?rest_route=\/wp\/v2\/pages\/871\/revisions\/880"}],"up":[{"embeddable":true,"href":"https:\/\/guidoknaus.ch\/mk\/index.php?rest_route=\/wp\/v2\/pages\/116"}],"wp:attachment":[{"href":"https:\/\/guidoknaus.ch\/mk\/index.php?rest_route=%2Fwp%2Fv2%2Fmedia&parent=871"}],"curies":[{"name":"wp","href":"https:\/\/api.w.org\/{rel}","templated":true}]}}