{"id":832,"date":"2018-05-25T08:23:23","date_gmt":"2018-05-25T08:23:23","guid":{"rendered":"http:\/\/guidoknaus.ch\/mk\/?page_id=832"},"modified":"2018-05-25T08:31:16","modified_gmt":"2018-05-25T08:31:16","slug":"1-2-kl","status":"publish","type":"page","link":"https:\/\/guidoknaus.ch\/mk\/?page_id=832","title":{"rendered":"1.\/2. Kl."},"content":{"rendered":"<h3>Kompetenzen LP 21 \u2013 Unterrichtsideen<\/h3>\n<p>Arbeit an den Medienkursen an folgenden Kompetenzen:<\/p>\n<h5><a href=\"http:\/\/blogs.phsg.ch\/ict-kompetenzen\/medien-und-informatik\/1-medien\/1-umwelt-mediale-virtuelle-lebensraume\/\" target=\"_blank\" rel=\"noopener\">MI.1.1a<\/a><\/h5>\n<div class=\"page\" title=\"Page 3\">\n<div class=\"section\">\n<div class=\"layoutArea\">\n<div class=\"column\">\n<ul>\n<li><a href=\"http:\/\/blogs.phsg.ch\/ict-kompetenzen\/kompetenzen-21\/medien-und-informatik\/1-medien\/1-umwelt-mediale-virtuelle-lebensraume\/a-erfahrungen\/\" target=\"_blank\" rel=\"noopener\">k\u00f6nnen sich \u00fcber Erfahrungen in ihrer unmittelbaren Umwelt, \u00fcber Medienerfahrungen sowie Erfahrungen in virtuellen Lebensr\u00e4umen austauschen und \u00fcber ihre Mediennutzung sprechen (z.B. Naturerlebnis, Spielplatz, Film, Fernsehen, Bilderbuch, H\u00f6rspiel, Lernprogramm).<\/a><\/li>\n<\/ul>\n<h5><a href=\"http:\/\/blogs.phsg.ch\/ict-kompetenzen\/medien-und-informatik\/1-medien\/2-medien-und-medienbeitrage\/\" target=\"_blank\" rel=\"noopener\">MI.1.2b<\/a><\/h5>\n<ul>\n<li><a href=\"http:\/\/blogs.phsg.ch\/ict-kompetenzen\/kompetenzen-21\/medien-und-informatik\/1-medien\/2-medien-und-medienbeitrage\/b-auslosen-von-emotionen\/\" target=\"_blank\" rel=\"noopener\">k\u00f6nnen benennen, welche unmittelbaren Emotionen die Mediennutzung ausl\u00f6sen kann (z.B. Freude, Wut, Trauer).<\/a><\/li>\n<\/ul>\n<h5><a href=\"http:\/\/blogs.phsg.ch\/ict-kompetenzen\/medien-und-informatik\/1-medien\/3-medienbeitrage\/\" target=\"_blank\" rel=\"noopener\">MI.1.3a<\/a><\/h5>\n<ul>\n<li><a href=\"http:\/\/blogs.phsg.ch\/ict-kompetenzen\/kompetenzen-21\/medien-und-informatik\/1-medien\/3-medienbeitrage\/a-experimentieren-mit-medien\/\">k\u00f6nnen spielerisch und kreativ mit Medien experimentieren.<\/a><\/li>\n<\/ul>\n<\/div>\n<\/div>\n<\/div>\n<\/div>\n","protected":false},"excerpt":{"rendered":"<p>Kompetenzen LP 21 \u2013 Unterrichtsideen Arbeit an den Medienkursen an folgenden Kompetenzen: MI.1.1a k\u00f6nnen sich \u00fcber Erfahrungen in ihrer unmittelbaren Umwelt, \u00fcber Medienerfahrungen sowie Erfahrungen in virtuellen Lebensr\u00e4umen austauschen und [&hellip;]<\/p>\n","protected":false},"author":1,"featured_media":0,"parent":15,"menu_order":0,"comment_status":"closed","ping_status":"closed","template":"","meta":[],"_links":{"self":[{"href":"https:\/\/guidoknaus.ch\/mk\/index.php?rest_route=\/wp\/v2\/pages\/832"}],"collection":[{"href":"https:\/\/guidoknaus.ch\/mk\/index.php?rest_route=\/wp\/v2\/pages"}],"about":[{"href":"https:\/\/guidoknaus.ch\/mk\/index.php?rest_route=\/wp\/v2\/types\/page"}],"author":[{"embeddable":true,"href":"https:\/\/guidoknaus.ch\/mk\/index.php?rest_route=\/wp\/v2\/users\/1"}],"replies":[{"embeddable":true,"href":"https:\/\/guidoknaus.ch\/mk\/index.php?rest_route=%2Fwp%2Fv2%2Fcomments&post=832"}],"version-history":[{"count":3,"href":"https:\/\/guidoknaus.ch\/mk\/index.php?rest_route=\/wp\/v2\/pages\/832\/revisions"}],"predecessor-version":[{"id":835,"href":"https:\/\/guidoknaus.ch\/mk\/index.php?rest_route=\/wp\/v2\/pages\/832\/revisions\/835"}],"up":[{"embeddable":true,"href":"https:\/\/guidoknaus.ch\/mk\/index.php?rest_route=\/wp\/v2\/pages\/15"}],"wp:attachment":[{"href":"https:\/\/guidoknaus.ch\/mk\/index.php?rest_route=%2Fwp%2Fv2%2Fmedia&parent=832"}],"curies":[{"name":"wp","href":"https:\/\/api.w.org\/{rel}","templated":true}]}}