{"id":70,"date":"2016-11-05T16:58:09","date_gmt":"2016-11-05T16:58:09","guid":{"rendered":"http:\/\/guidoknaus.ch\/mk\/?page_id=70"},"modified":"2017-02-22T09:56:35","modified_gmt":"2017-02-22T09:56:35","slug":"7-9-kl","status":"publish","type":"page","link":"https:\/\/guidoknaus.ch\/mk\/?page_id=70","title":{"rendered":"7.\u20139."},"content":{"rendered":"<h2>\u00abPhonesmart\u00bb (7.\u20139. Kl.)<br \/>\nmeisterhaft unterwegs mit dem Smartphone<\/h2>\n<blockquote><p>In der Oberstufe\u00a0verf\u00fcgen 99% der Befragten \u00fcber ein Handy. Nur 1% besitzt kein eigenes Ger\u00e4t. 98% der Jugendlichen verwenden ein eigenes Smartphone (JAMES-Studie 2016). Der Fokus in dieser Unterrichtseinheit liegt somit auf der Smartphone-Nutzung. Es werden die Chancen digitaler Medien aufgezeigt und aufgekl\u00e4rt, wie sich Medienbeitr\u00e4ge positiv f\u00fcr die eigene Identit\u00e4tsbildung auswirken.<\/p><\/blockquote>\n<hr \/>\n<h4>Findmind \u2013\u00a0Urheberrecht, Quellenangabe und Pers\u00f6nlichkeitsrecht<\/h4>\n<p>Einige Fragen zu Urheberrecht, Quellenangabe und Pers\u00f6nlichkeitsrecht<\/p>\n<ul>\n<li><a href=\"http:\/\/t6lzs4.findmind.ch\" target=\"_blank\">Findmind<\/a><\/li>\n<\/ul>\n<hr \/>\n<h4>Urheber- und Pers\u00f6nlichkeitsrecht<\/h4>\n<div class=\"page\" title=\"Page 2\">\n<div class=\"layoutArea\">\n<div class=\"column\">\n<p>Aufgabe: Korrigiere die 4\u00a0Fehler im Text. Nutze dazu dein Smartphone und \u00fcberpr\u00fcfe die angegebenen Quellen im Internet.<\/p>\n<h6>Was ist das Urheberrecht?<\/h6>\n<p>Wer ein Werk wie ein Buch, ein Musikst\u00fcck, eine Fotografie oder einen Film schafft, wird zum Urheber des Werkes. Der Urheber eines Werks hat das Recht, zu bestimmen, was damit geschehen soll: Ob es verkauft oder gratis weitergegeben werden soll, ob es weiterbearbeitet werden darf und so weiter. Das Recht des Urhebers an seinem eigenen Werk nennt man Pers\u00f6nlichkeitsrecht oder, auf Englisch, \u201eCopyright\u201c. (<a href=\"https:\/\/www.ige.ch\/urheberrecht\/urheberrecht.html\" target=\"_blank\">https:\/\/www.ige.ch\/urheberrecht\/urheberrecht.html<\/a>, 25.9.2016)<\/p>\n<h6>Warum gibt es das Urheberrecht?<\/h6>\n<p>Das Urheberrecht garantiert den Musikern, \u201edass sie f\u00fcr die Nutzung ihrer Werke finanziell entsch\u00e4digt werden\u201c und erm\u00f6glicht ihnen, dass sie sich wehren k\u00f6nnen, wenn ihr Werk auf unerlaubte Weise ver\u00e4ndert wird. (<a href=\"http:\/\/www.swisscopyright.ch\/de\/fragen-und-antworten\/urheberrecht.html\" target=\"_blank\">http:\/\/www.swisscopyright.ch\/de\/fragen-und-antworten\/urheberrecht.html<\/a>, 25.9.2016).<\/p>\n<h6>Was bedeutet das Urheberrecht f\u00fcr mich?<\/h6>\n<p>Wenn ich ein urheberrechtlich gesch\u00fctztes Werk verwenden will, brauche ich dazu eine Erlaubnis \u2013 ausser ich nutze das Werk f\u00fcr den privaten Gebrauch: Dann darf ich B\u00fccher, Filme, Musik usw. herunterladen oder streamen und auch hochladen.<br \/>\n(<a href=\"https:\/\/www.swisscom.ch\/de\/schulen-ans-internet\/enter\/sicherheit\/urheberrecht.html\" target=\"_blank\">https:\/\/www.swisscom.ch\/de\/schulen-ans-internet\/enter\/sicherheit\/urheberrecht.html<\/a>, 25.9.2016)<br \/>\nDas Herunterladen von Computerprogrammen oder Games ist in jedem Fall verboten.<\/p>\n<h6>Welche Rolle spielt das Pers\u00f6nlichkeitsrecht?<\/h6>\n<p>Beim Ver\u00f6ffentlichen eines Inhalts muss man auch das Pers\u00f6nlichkeitsrecht beachten. Das Pers\u00f6nlichkeitsrecht sch\u00fctzt unter anderem die Privatsph\u00e4re und die W\u00fcrde einer Person. Es verbietet beispielsweise, Bilder von anderen Personen ohne deren Einverst\u00e4ndnis zu ver\u00f6ffentlichen. Wird also ein Foto oder Video von jemandem im Internet verkauft, hat die abgebildete Person das Recht, dies zu verbieten. \u201eBevor man deshalb in sozialen Netzwerken Fotos und Videos hochl\u00e4dt, sollte man das Einverst\u00e4ndnis der gezeigten Personen einholen.\u201c<br \/>\n(<a href=\"https:\/\/www.swisscom.ch\/de\/schulen-ans-internet\/enter\/sicherheit\/urheberrecht.html\" target=\"_blank\">https:\/\/www.swisscom.ch\/de\/schulen-ans-internet\/enter\/sicherheit\/urheberrecht.html<\/a>, 25.9.2016)<\/p>\n<hr \/>\n<h4 class=\"page\" title=\"Page 2\">Padlet<\/h4>\n<\/div>\n<\/div>\n<\/div>\n<ul>\n<li><a href=\"https:\/\/padlet.com\/guidoknaus\/medienbildung21\" target=\"_blank\">Padlet<\/a><\/li>\n<\/ul>\n<hr \/>\n<h4>Kahoot<\/h4>\n<ul>\n<li><a href=\"https:\/\/kahoot.it\" target=\"_blank\">kahoot.it<\/a><\/li>\n<\/ul>\n","protected":false},"excerpt":{"rendered":"<p>\u00abPhonesmart\u00bb (7.\u20139. Kl.) meisterhaft unterwegs mit dem Smartphone In der Oberstufe\u00a0verf\u00fcgen 99% der Befragten \u00fcber ein Handy. Nur 1% besitzt kein eigenes Ger\u00e4t. 98% der Jugendlichen verwenden ein eigenes Smartphone [&hellip;]<\/p>\n","protected":false},"author":1,"featured_media":98,"parent":0,"menu_order":4,"comment_status":"closed","ping_status":"closed","template":"","meta":[],"_links":{"self":[{"href":"https:\/\/guidoknaus.ch\/mk\/index.php?rest_route=\/wp\/v2\/pages\/70"}],"collection":[{"href":"https:\/\/guidoknaus.ch\/mk\/index.php?rest_route=\/wp\/v2\/pages"}],"about":[{"href":"https:\/\/guidoknaus.ch\/mk\/index.php?rest_route=\/wp\/v2\/types\/page"}],"author":[{"embeddable":true,"href":"https:\/\/guidoknaus.ch\/mk\/index.php?rest_route=\/wp\/v2\/users\/1"}],"replies":[{"embeddable":true,"href":"https:\/\/guidoknaus.ch\/mk\/index.php?rest_route=%2Fwp%2Fv2%2Fcomments&post=70"}],"version-history":[{"count":17,"href":"https:\/\/guidoknaus.ch\/mk\/index.php?rest_route=\/wp\/v2\/pages\/70\/revisions"}],"predecessor-version":[{"id":384,"href":"https:\/\/guidoknaus.ch\/mk\/index.php?rest_route=\/wp\/v2\/pages\/70\/revisions\/384"}],"wp:featuredmedia":[{"embeddable":true,"href":"https:\/\/guidoknaus.ch\/mk\/index.php?rest_route=\/wp\/v2\/media\/98"}],"wp:attachment":[{"href":"https:\/\/guidoknaus.ch\/mk\/index.php?rest_route=%2Fwp%2Fv2%2Fmedia&parent=70"}],"curies":[{"name":"wp","href":"https:\/\/api.w.org\/{rel}","templated":true}]}}