{"id":66,"date":"2016-11-05T16:54:59","date_gmt":"2016-11-05T16:54:59","guid":{"rendered":"http:\/\/guidoknaus.ch\/mk\/?page_id=66"},"modified":"2017-05-21T04:21:43","modified_gmt":"2017-05-21T04:21:43","slug":"3-4-kl","status":"publish","type":"page","link":"https:\/\/guidoknaus.ch\/mk\/?page_id=66","title":{"rendered":"3.\/4."},"content":{"rendered":"<h2>Ab ins Internet (3.\/4. Kl.)<\/h2>\n<blockquote><p>Kinder der 3. und 4. Klasse sind voller Neugier und wollen die digitale Welt f\u00fcr sich entdecken. Aufbauend auf den ersten Kontakten mit digitalen Medien im Elternhaus, lernen die Sch\u00fclerinnen und Sch\u00fcler diese als Werkzeug gezielt einzusetzen. Der richtige Umgang mit digitalen Medien will gelernt sein, Medienbildung ist daher bereits auf dieser Stufe unabdingbar.<\/p><\/blockquote>\n<hr \/>\n<h4>Kindersuchmaschinen<\/h4>\n<ul>\n<li><a href=\"http:\/\/www.fragfinn.de\/\" target=\"_blank\" rel=\"noopener noreferrer\">www.fragfinn.de<\/a><\/li>\n<li><a href=\"http:\/\/www.helles-koepfchen.de\/\" target=\"_blank\" rel=\"noopener noreferrer\">www.helles-koepfchen.de<\/a><\/li>\n<li><a href=\"http:\/\/www.blinde-kuh.de\/\" target=\"_blank\" rel=\"noopener noreferrer\">www.blinde-kuh.de<\/a><\/li>\n<\/ul>\n<hr \/>\n<h4>Padlet<\/h4>\n<ul>\n<li><a href=\"https:\/\/padlet.com\/guidoknaus\/kurs\" target=\"_blank\" rel=\"noopener noreferrer\">Padlet Medienkurs<\/a><\/li>\n<\/ul>\n<hr \/>\n<h4>Quiz kahoot.it<\/h4>\n<ul>\n<li><a href=\"https:\/\/kahoot.it\/#\/\" target=\"_blank\" rel=\"noopener noreferrer\">kahoot.it\/<\/a><\/li>\n<\/ul>\n","protected":false},"excerpt":{"rendered":"<p>Ab ins Internet (3.\/4. Kl.) Kinder der 3. und 4. Klasse sind voller Neugier und wollen die digitale Welt f\u00fcr sich entdecken. Aufbauend auf den ersten Kontakten mit digitalen Medien [&hellip;]<\/p>\n","protected":false},"author":1,"featured_media":94,"parent":0,"menu_order":2,"comment_status":"closed","ping_status":"closed","template":"","meta":[],"_links":{"self":[{"href":"https:\/\/guidoknaus.ch\/mk\/index.php?rest_route=\/wp\/v2\/pages\/66"}],"collection":[{"href":"https:\/\/guidoknaus.ch\/mk\/index.php?rest_route=\/wp\/v2\/pages"}],"about":[{"href":"https:\/\/guidoknaus.ch\/mk\/index.php?rest_route=\/wp\/v2\/types\/page"}],"author":[{"embeddable":true,"href":"https:\/\/guidoknaus.ch\/mk\/index.php?rest_route=\/wp\/v2\/users\/1"}],"replies":[{"embeddable":true,"href":"https:\/\/guidoknaus.ch\/mk\/index.php?rest_route=%2Fwp%2Fv2%2Fcomments&post=66"}],"version-history":[{"count":14,"href":"https:\/\/guidoknaus.ch\/mk\/index.php?rest_route=\/wp\/v2\/pages\/66\/revisions"}],"predecessor-version":[{"id":469,"href":"https:\/\/guidoknaus.ch\/mk\/index.php?rest_route=\/wp\/v2\/pages\/66\/revisions\/469"}],"wp:featuredmedia":[{"embeddable":true,"href":"https:\/\/guidoknaus.ch\/mk\/index.php?rest_route=\/wp\/v2\/media\/94"}],"wp:attachment":[{"href":"https:\/\/guidoknaus.ch\/mk\/index.php?rest_route=%2Fwp%2Fv2%2Fmedia&parent=66"}],"curies":[{"name":"wp","href":"https:\/\/api.w.org\/{rel}","templated":true}]}}