{"id":261,"date":"2017-01-18T08:08:56","date_gmt":"2017-01-18T08:08:56","guid":{"rendered":"http:\/\/guidoknaus.ch\/mk\/?page_id=261"},"modified":"2018-11-19T07:26:51","modified_gmt":"2018-11-19T07:26:51","slug":"lehrplan-21","status":"publish","type":"page","link":"https:\/\/guidoknaus.ch\/mk\/?page_id=261","title":{"rendered":"Kompetenzen MI"},"content":{"rendered":"<h3>Lehrplan 21 \u2013 Unterrichtsideen Medien und Informatik<\/h3>\n<p>Hier sind\u00a0die Kompetenzen zum Bereich\u00a0Medien und Informatik und meine Sammlung an Unterrichtsideen zu finden. Die Kompetenzen sind\u00a0dabei direkt verlinkt mit \u00fcber 9000\u00a0Unterrichtsideen.<\/p>\n<h5>1 | Medien<\/h5>\n<blockquote><p>Sch\u00fclerinnen und Sch\u00fcler k\u00f6nnen an der Mediengesellschaft selbstbestimmt, kreativ und m\u00fcndig teilhaben und sich sachgerecht und sozial verantwortlich verhalten.<\/p><\/blockquote>\n<p>1. <a href=\"http:\/\/blogs.phsg.ch\/ict-kompetenzen\/kompetenzen-21\/medien-und-informatik\/1-medien\/1-umwelt-mediale-virtuelle-lebensraume\/\">Die Sch\u00fclerinnen und Sch\u00fcler k\u00f6nnen sich in der physischen Umwelt sowie in medialen und virtuellen Lebensr\u00e4umen orientieren und sich darin entsprechend den Gesetzen, Regeln und Wertesystemen verhalten.<\/a><\/p>\n<p>2. <a href=\"http:\/\/blogs.phsg.ch\/ict-kompetenzen\/kompetenzen-21\/medien-und-informatik\/1-medien\/2-medien-und-medienbeitrage\/\">Die Sch\u00fclerinnen und Sch\u00fcler k\u00f6nnen Medien und Medienbeitr\u00e4ge entschl\u00fcsseln, reflektieren und nutzen.<\/a><\/p>\n<p>3. <a href=\"http:\/\/blogs.phsg.ch\/ict-kompetenzen\/kompetenzen-21\/medien-und-informatik\/1-medien\/3-medienbeitrage\/\">Die Sch\u00fclerinnen und Sch\u00fcler k\u00f6nnen Gedanken, Meinungen, Erfahrungen und Wissen in Medienbeitr\u00e4ge umsetzen und unter Einbezug der Gesetze, Regeln und Wertesysteme auch ver\u00f6ffentlichen.<\/a><\/p>\n<p>4. <a href=\"http:\/\/blogs.phsg.ch\/ict-kompetenzen\/kompetenzen-21\/medien-und-informatik\/1-medien\/4-kommunikation-kooperation\/\">Die Sch\u00fclerinnen und Sch\u00fcler k\u00f6nnen Medien interaktiv nutzen sowie mit anderen kommunizieren und kooperieren.<\/a><\/p>\n<hr \/>\n<h5>2 | Informatik<\/h5>\n<blockquote><p>Sch\u00fclerinnen und Sch\u00fcler verstehen Grundkonzepte der automatisierten Informationsverarbeitung, nutzen sie zur Entwicklung von L\u00f6sungsstrategien in allen Lebensbereichen und zum Verst\u00e4ndnis der Informationsgesellschaft.<\/p><\/blockquote>\n<p>1.<a href=\"http:\/\/blogs.phsg.ch\/ict-kompetenzen\/kompetenzen-21\/medien-und-informatik\/2-informatik\/1-daten-darstellen-strukturieren-auswerten\/\"> Die Sch\u00fclerinnen und Sch\u00fcler k\u00f6nnen Daten aus ihrer Umwelt darstellen, strukturieren und auswerten.<\/a><\/p>\n<p>2. <a href=\"http:\/\/blogs.phsg.ch\/ict-kompetenzen\/kompetenzen-21\/medien-und-informatik\/2-informatik\/2-problemstellungen-analysieren-losen-umsetzen\/\">Die Sch\u00fclerinnen und Sch\u00fcler k\u00f6nnen einfache Problemstellungen analysieren, m\u00f6gliche L\u00f6sungsverfahren beschreiben und in Programmen umsetzen.<\/a><\/p>\n<p>3. <a href=\"http:\/\/blogs.phsg.ch\/ict-kompetenzen\/kompetenzen-21\/medien-und-informatik\/2-informatik\/3-informationsverarbeitende-systeme-sichere-datenverarbeitung\/\">Die Sch\u00fclerinnen und Sch\u00fcler verstehen Aufbau und Funktionsweise von informationsverarbeitenden Systemen und k\u00f6nnen Konzepte der sicheren Datenverarbeitung anwenden.<\/a><\/p>\n<hr \/>\n<h5>3 | Anwenderkompetenzen<\/h5>\n<blockquote><p>Sch\u00fclerinnen und Sch\u00fcler nutzen Informations- und Kommunikationstechnologien in allen Fach- und Lebensbereichen effektiv und effizient.<\/p><\/blockquote>\n<p>1. <a href=\"http:\/\/blogs.phsg.ch\/ict-kompetenzen\/medien-und-informatik\/3-anwendungskompetenzen\/handhabung\/\">Handhabung<\/a><\/p>\n<p>2. <a href=\"http:\/\/blogs.phsg.ch\/ict-kompetenzen\/medien-und-informatik\/3-anwendungskompetenzen\/recherche-und-lernunterstutzung\/\">Recherche und Lernunterst\u00fctzung<\/a><\/p>\n<p>3. <a href=\"http:\/\/blogs.phsg.ch\/ict-kompetenzen\/medien-und-informatik\/3-anwendungskompetenzen\/produktion-und-prasentation\/\">Produktion und Pr\u00e4sentation<\/a><\/p>\n","protected":false},"excerpt":{"rendered":"<p>Lehrplan 21 \u2013 Unterrichtsideen Medien und Informatik Hier sind\u00a0die Kompetenzen zum Bereich\u00a0Medien und Informatik und meine Sammlung an Unterrichtsideen zu finden. Die Kompetenzen sind\u00a0dabei direkt verlinkt mit \u00fcber 9000\u00a0Unterrichtsideen. 1 [&hellip;]<\/p>\n","protected":false},"author":1,"featured_media":0,"parent":0,"menu_order":6,"comment_status":"closed","ping_status":"closed","template":"","meta":[],"_links":{"self":[{"href":"https:\/\/guidoknaus.ch\/mk\/index.php?rest_route=\/wp\/v2\/pages\/261"}],"collection":[{"href":"https:\/\/guidoknaus.ch\/mk\/index.php?rest_route=\/wp\/v2\/pages"}],"about":[{"href":"https:\/\/guidoknaus.ch\/mk\/index.php?rest_route=\/wp\/v2\/types\/page"}],"author":[{"embeddable":true,"href":"https:\/\/guidoknaus.ch\/mk\/index.php?rest_route=\/wp\/v2\/users\/1"}],"replies":[{"embeddable":true,"href":"https:\/\/guidoknaus.ch\/mk\/index.php?rest_route=%2Fwp%2Fv2%2Fcomments&post=261"}],"version-history":[{"count":8,"href":"https:\/\/guidoknaus.ch\/mk\/index.php?rest_route=\/wp\/v2\/pages\/261\/revisions"}],"predecessor-version":[{"id":1034,"href":"https:\/\/guidoknaus.ch\/mk\/index.php?rest_route=\/wp\/v2\/pages\/261\/revisions\/1034"}],"wp:attachment":[{"href":"https:\/\/guidoknaus.ch\/mk\/index.php?rest_route=%2Fwp%2Fv2%2Fmedia&parent=261"}],"curies":[{"name":"wp","href":"https:\/\/api.w.org\/{rel}","templated":true}]}}