{"id":116,"date":"2016-11-06T10:31:30","date_gmt":"2016-11-06T10:31:30","guid":{"rendered":"http:\/\/guidoknaus.ch\/mk\/?page_id=116"},"modified":"2017-07-06T15:58:08","modified_gmt":"2017-07-06T15:58:08","slug":"lehrende","status":"publish","type":"page","link":"https:\/\/guidoknaus.ch\/mk\/?page_id=116","title":{"rendered":"Lehrende"},"content":{"rendered":"<h5>Medienkurs f\u00fcr Lehrpersonen<\/h5>\n<blockquote><p>Videoportale, Suchmaschinen, Social Media und Co. geh\u00f6ren zum Alltag von Sch\u00fclerinnen und Sch\u00fclern der Mittel- und Oberstufe. Nutzen sie diese als Kommunikationsmittel? Oder auch als Wissensquelle? Sind sie kritisch? Sind sie sich bewusst, was ihre Eintr\u00e4ge auf diesen Portalen bewirken? Im Medienkurs f\u00fcr Lehrpersonen zeigen wir die digitale Welt der Sch\u00fclerinnen und Sch\u00fcler und diskutieren Chancen und Risiken.<\/p><\/blockquote>\n<h5>Links, Brosch\u00fcren, usw.<\/h5>\n<ul>\n<li><a href=\"http:\/\/guidoknaus.ch\/mk\/wp-content\/uploads\/2016\/10\/Flyer_Medienkurse_Sept2016.pdf\" target=\"_blank\" rel=\"noopener\">Flyer Swisscom-Medienkurse<\/a> (pdf)<\/li>\n<li><a href=\"http:\/\/www.jugendundmedien.ch\/de\/home.html\" target=\"_blank\" rel=\"noopener\">Jugend und Medien<\/a>\n<ul>\n<li>Brosch\u00fcre <a class=\"download\" href=\"http:\/\/www.jugendundmedien.ch\/fileadmin\/user_upload\/Brosch%C3%BCren_Flyer\/Brosch%C3%BCre_Medienkompetenz_Schule\/Brosch%C3%BCre_Medienkompetenz_im_Schulalltag_2017.pdf\" target=\"_blank\" rel=\"noopener\">\u00abMedienkompetenz im Schulalltag\u00bb<\/a><\/li>\n<li>Brosch\u00fcre\u00a0<a class=\"download\" href=\"http:\/\/www.jugendundmedien.ch\/fileadmin\/user_upload\/Brosch%C3%BCren_Flyer\/Brosch%C3%BCre_Tipps_Medienkompetenz\/WEB_Br_Medienkompetenz_6ed.pdf\" target=\"_blank\" rel=\"noopener\">\u00abMedienkompetenz \u2013 Tipps\u00a0zum sicheren Umgang mit digitalen Medien\u00bb<\/a> \u2013\u00a0auch als <a href=\"http:\/\/jugendundmedien.ch.cabvh026.nine.ch\/chancen-und-gefahren\/fragen-antworten.html\" target=\"_blank\" rel=\"noopener\" class=\"broken_link\">interaktive App<\/a>!<\/li>\n<li>Brosch\u00fcre <a href=\"http:\/\/www.jugendundmedien.ch\/fileadmin\/user_upload\/Brosch\u00fcren_Flyer\/Brosch\u00fcre_Medienkompetenz_und_PeerEducation\/Br_Medienkompetenzen_und_Peer_Education_DE_Web.pdf\" target=\"_blank\" rel=\"noopener\">\u00abMedienkompetenzen und Peer-Education\/-Tutoring &#8211; Projektbeispiele und Qualit\u00e4tskriterien\u00bb<\/a><\/li>\n<li>Flyer: Die <a class=\"download\" href=\"http:\/\/www.jugendundmedien.ch\/fileadmin\/user_upload\/Brosch%C3%BCren_Flyer\/Flyer_Tipps_2015\/Flyer_Goldene_Regeln_Medien.pdf\" target=\"_blank\" rel=\"noopener\">\u00ab10 goldenen Regeln\u00bb<\/a> zum sicheren Umgang mit digitalen Medien (in 16 Sprachen)<\/li>\n<li>Publikationen gratis <a class=\"internal-link\" href=\"http:\/\/www.jugendundmedien.ch\/de\/bestellung-publikationen.html\" target=\"_top\">bestellen<\/a><\/li>\n<\/ul>\n<\/li>\n<li><a href=\"https:\/\/www.skppsc.ch\/de\/downloads\/warengruppe\/broschueren-und-faltblaetter\/\" target=\"_blank\" rel=\"noopener\">SKPPSC \u2013 Schweizerische Kriminalpr\u00e4vention (Brosch\u00fcren &amp; Faltbl\u00e4tter)<\/a><\/li>\n<li><a href=\"http:\/\/guidoknaus.ch\/mk\/wp-content\/uploads\/2016\/11\/121.pdf\" target=\"_blank\" rel=\"noopener\">Link-Liste<\/a><\/li>\n<\/ul>\n","protected":false},"excerpt":{"rendered":"<p>Medienkurs f\u00fcr Lehrpersonen Videoportale, Suchmaschinen, Social Media und Co. geh\u00f6ren zum Alltag von Sch\u00fclerinnen und Sch\u00fclern der Mittel- und Oberstufe. Nutzen sie diese als Kommunikationsmittel? Oder auch als Wissensquelle? Sind [&hellip;]<\/p>\n","protected":false},"author":1,"featured_media":0,"parent":0,"menu_order":5,"comment_status":"closed","ping_status":"closed","template":"","meta":[],"_links":{"self":[{"href":"https:\/\/guidoknaus.ch\/mk\/index.php?rest_route=\/wp\/v2\/pages\/116"}],"collection":[{"href":"https:\/\/guidoknaus.ch\/mk\/index.php?rest_route=\/wp\/v2\/pages"}],"about":[{"href":"https:\/\/guidoknaus.ch\/mk\/index.php?rest_route=\/wp\/v2\/types\/page"}],"author":[{"embeddable":true,"href":"https:\/\/guidoknaus.ch\/mk\/index.php?rest_route=\/wp\/v2\/users\/1"}],"replies":[{"embeddable":true,"href":"https:\/\/guidoknaus.ch\/mk\/index.php?rest_route=%2Fwp%2Fv2%2Fcomments&post=116"}],"version-history":[{"count":30,"href":"https:\/\/guidoknaus.ch\/mk\/index.php?rest_route=\/wp\/v2\/pages\/116\/revisions"}],"predecessor-version":[{"id":502,"href":"https:\/\/guidoknaus.ch\/mk\/index.php?rest_route=\/wp\/v2\/pages\/116\/revisions\/502"}],"wp:attachment":[{"href":"https:\/\/guidoknaus.ch\/mk\/index.php?rest_route=%2Fwp%2Fv2%2Fmedia&parent=116"}],"curies":[{"name":"wp","href":"https:\/\/api.w.org\/{rel}","templated":true}]}}