{"id":102,"date":"2016-11-06T08:13:08","date_gmt":"2016-11-06T08:13:08","guid":{"rendered":"http:\/\/guidoknaus.ch\/mk\/?page_id=102"},"modified":"2016-11-06T08:13:15","modified_gmt":"2016-11-06T08:13:15","slug":"5-6-kl","status":"publish","type":"page","link":"https:\/\/guidoknaus.ch\/mk\/?page_id=102","title":{"rendered":"5.\/6. Kl."},"content":{"rendered":"<h3>Kompetenzen LP 21 \u2013 Unterrichtsideen<\/h3>\n<p>Arbeit an den Medienkursen an folgenden Kompetenzen:<\/p>\n<h5><a href=\"http:\/\/blogs.phsg.ch\/ict-kompetenzen\/medien-und-informatik\/1-medien\/1-umwelt-mediale-virtuelle-lebensraume\/\" target=\"_blank\">MI 1.1.c<\/a>\u00a0(Modul 1\/2)<\/h5>\n<div class=\"page\" title=\"Page 3\">\n<div class=\"section\">\n<div class=\"layoutArea\">\n<div class=\"column\">\n<ul>\n<li><a href=\"http:\/\/blogs.phsg.ch\/ict-kompetenzen\/kompetenzen-21\/medien-und-informatik\/1-medien\/1-umwelt-mediale-virtuelle-lebensraume\/c-folgen-medialer-virtueller-handungen\/\" target=\"_blank\">k\u00f6nnen Folgen medialer und virtueller Handlungen erkennen und benennen (z.B. Identit\u00e4tsbildung, Beziehungspflege, Cybermobbing).<\/a><\/li>\n<\/ul>\n<h5><a href=\"http:\/\/blogs.phsg.ch\/ict-kompetenzen\/medien-und-informatik\/1-medien\/4-kommunikation-kooperation\/\" target=\"_blank\">MI 1.4.c<\/a>\u00a0(Modul 1\/2)<\/h5>\n<ul>\n<li><a href=\"http:\/\/blogs.phsg.ch\/ict-kompetenzen\/kompetenzen-21\/medien-und-informatik\/1-medien\/4-kommunikation-kooperation\/c\/\" target=\"_blank\">k\u00f6nnen mittels Medien kommunizieren und dabei die Sicherheits- und Verhaltensregeln befolgen.<\/a><\/li>\n<\/ul>\n<h5><a href=\"http:\/\/blogs.phsg.ch\/ict-kompetenzen\/medien-und-informatik\/1-medien\/2-medien-und-medienbeitrage\/\" target=\"_blank\">MI 1.2.e<\/a>\u00a0(Modul 3\/4)<\/h5>\n<ul>\n<li><a href=\"http:\/\/blogs.phsg.ch\/ict-kompetenzen\/kompetenzen-21\/medien-und-informatik\/1-medien\/2-medien-und-medienbeitrage\/e-informationen-beschaffen-und-beurteilen\/\" target=\"_blank\">k\u00f6nnen Informationen aus verschiedenen Quellen gezielt beschaffen, ausw\u00e4hlen und hinsichtlich Qualit\u00e4t und Nutzen beurteilen.<\/a><\/li>\n<\/ul>\n<h5><a href=\"http:\/\/blogs.phsg.ch\/ict-kompetenzen\/medien-und-informatik\/1-medien\/4-kommunikation-kooperation\/\" target=\"_blank\">MI 1.3.e<\/a>\u00a0(Modul 3\/4)<\/h5>\n<ul>\n<li><a href=\"http:\/\/blogs.phsg.ch\/ict-kompetenzen\/kompetenzen-21\/medien-und-informatik\/1-medien\/3-medienbeitrage\/e-eigenproduktionen\/\" target=\"_blank\">k\u00f6nnen Medieninhalte weiterverwenden und unter Angabe der Quelle in Eigenproduktionen integrieren (z.B. Vortrag, Blog\/Klassenblog).<\/a><\/li>\n<\/ul>\n<\/div>\n<\/div>\n<\/div>\n<\/div>\n","protected":false},"excerpt":{"rendered":"<p>Kompetenzen LP 21 \u2013 Unterrichtsideen Arbeit an den Medienkursen an folgenden Kompetenzen: MI 1.1.c\u00a0(Modul 1\/2) k\u00f6nnen Folgen medialer und virtueller Handlungen erkennen und benennen (z.B. Identit\u00e4tsbildung, Beziehungspflege, Cybermobbing). MI 1.4.c\u00a0(Modul [&hellip;]<\/p>\n","protected":false},"author":1,"featured_media":0,"parent":15,"menu_order":2,"comment_status":"closed","ping_status":"closed","template":"","meta":[],"_links":{"self":[{"href":"https:\/\/guidoknaus.ch\/mk\/index.php?rest_route=\/wp\/v2\/pages\/102"}],"collection":[{"href":"https:\/\/guidoknaus.ch\/mk\/index.php?rest_route=\/wp\/v2\/pages"}],"about":[{"href":"https:\/\/guidoknaus.ch\/mk\/index.php?rest_route=\/wp\/v2\/types\/page"}],"author":[{"embeddable":true,"href":"https:\/\/guidoknaus.ch\/mk\/index.php?rest_route=\/wp\/v2\/users\/1"}],"replies":[{"embeddable":true,"href":"https:\/\/guidoknaus.ch\/mk\/index.php?rest_route=%2Fwp%2Fv2%2Fcomments&post=102"}],"version-history":[{"count":1,"href":"https:\/\/guidoknaus.ch\/mk\/index.php?rest_route=\/wp\/v2\/pages\/102\/revisions"}],"predecessor-version":[{"id":103,"href":"https:\/\/guidoknaus.ch\/mk\/index.php?rest_route=\/wp\/v2\/pages\/102\/revisions\/103"}],"up":[{"embeddable":true,"href":"https:\/\/guidoknaus.ch\/mk\/index.php?rest_route=\/wp\/v2\/pages\/15"}],"wp:attachment":[{"href":"https:\/\/guidoknaus.ch\/mk\/index.php?rest_route=%2Fwp%2Fv2%2Fmedia&parent=102"}],"curies":[{"name":"wp","href":"https:\/\/api.w.org\/{rel}","templated":true}]}}