{"id":9,"date":"2015-05-29T06:03:23","date_gmt":"2015-05-29T06:03:23","guid":{"rendered":"http:\/\/guidoknaus.ch\/klassenlager15\/?page_id=9"},"modified":"2015-08-27T14:40:09","modified_gmt":"2015-08-27T14:40:09","slug":"montag","status":"publish","type":"page","link":"https:\/\/guidoknaus.ch\/klassenlager15\/?page_id=9","title":{"rendered":"Montag"},"content":{"rendered":"<p><a href=\"http:\/\/guidoknaus.ch\/klassenlager15\/wp-content\/uploads\/2015\/05\/Eglis2.jpg\"><img loading=\"lazy\" decoding=\"async\" class=\"alignnone size-large wp-image-106\" src=\"http:\/\/guidoknaus.ch\/klassenlager15\/wp-content\/uploads\/2015\/05\/Eglis2-1024x384.jpg\" alt=\"Eglis2\" width=\"810\" height=\"304\" srcset=\"https:\/\/guidoknaus.ch\/klassenlager15\/wp-content\/uploads\/2015\/05\/Eglis2-1024x384.jpg 1024w, https:\/\/guidoknaus.ch\/klassenlager15\/wp-content\/uploads\/2015\/05\/Eglis2-300x113.jpg 300w, https:\/\/guidoknaus.ch\/klassenlager15\/wp-content\/uploads\/2015\/05\/Eglis2.jpg 1500w\" sizes=\"(max-width: 810px) 100vw, 810px\" \/><\/a>Trotz eines grossen Staus um und in St. Gallen erreichten wir Glattfelden praktisch ohne Verz\u00f6gerung. Wir erlebten im Stromhaus Burenwisen nicht nur eine spannende F\u00fchrung mit der M\u00f6glichkeit selbst elektrischen Strom zu erzeugen, sondern wurden auch anschliessend grossz\u00fcgig verpflegt.<\/p>\n<ul>\n<li>Weiterlesen:\u00a0<a href=\"http:\/\/guidoknaus.ch\/klassenlager15\/?p=56\" target=\"_blank\">Vom Strom und Str\u00f6men<\/a><\/li>\n<\/ul>\n<h3>Programm<\/h3>\n<p>Stromhaus Burenwisen \u2013\u00a0Kraftwerk Rheinfelsen \u2013\u00a0Schifffahrt von Eglisau nach\u00a0R\u00fcdlingen \u2013\u00a0Abendprogramm &#8222;Challenge&#8220; der &#8222;7 Zwerge&#8220;<\/p>\n<h3><a href=\"http:\/\/guidoknaus.ch\/klassenlager15\/wp-content\/uploads\/2015\/05\/Eglis.jpg\"><img loading=\"lazy\" decoding=\"async\" class=\" size-medium wp-image-60 alignright\" src=\"http:\/\/guidoknaus.ch\/klassenlager15\/wp-content\/uploads\/2015\/05\/Eglis-300x225.jpg\" alt=\"Eglis\" width=\"300\" height=\"225\" srcset=\"https:\/\/guidoknaus.ch\/klassenlager15\/wp-content\/uploads\/2015\/05\/Eglis-300x225.jpg 300w, https:\/\/guidoknaus.ch\/klassenlager15\/wp-content\/uploads\/2015\/05\/Eglis.jpg 1000w\" sizes=\"(max-width: 300px) 100vw, 300px\" \/><\/a>Fotos<\/h3>\n<ul>\n<li><a href=\"https:\/\/www.flickr.com\/photos\/guidoknaus\/sets\/72157653784863616\/\" target=\"_blank\">Fotos 1. Tag<\/a><\/li>\n<\/ul>\n<h3>Videos<\/h3>\n<ul>\n<li><a href=\"https:\/\/vimeo.com\/129461608\" target=\"_blank\">Dave<\/a><\/li>\n<li><a href=\"https:\/\/vimeo.com\/129451748\" target=\"_blank\">Elin<\/a><\/li>\n<li><a href=\"https:\/\/vimeo.com\/129460552\" target=\"_blank\">Hannah<\/a><\/li>\n<li><a href=\"https:\/\/vimeo.com\/129456164\" target=\"_blank\">Lyon<\/a><\/li>\n<li><a href=\"https:\/\/vimeo.com\/129453793\" target=\"_blank\">Pinja<\/a><\/li>\n<li><a href=\"https:\/\/vimeo.com\/129452591\" target=\"_blank\">Roberto<\/a><\/li>\n<li><a href=\"https:\/\/vimeo.com\/129458756\" target=\"_blank\">Tanja<\/a><\/li>\n<\/ul>\n","protected":false},"excerpt":{"rendered":"<p>Trotz eines grossen Staus um und in St. Gallen erreichten wir Glattfelden praktisch ohne Verz\u00f6gerung. Wir erlebten im Stromhaus Burenwisen nicht nur eine spannende F\u00fchrung mit der M\u00f6glichkeit selbst elektrischen [&hellip;]<\/p>\n","protected":false},"author":1,"featured_media":60,"parent":0,"menu_order":1,"comment_status":"closed","ping_status":"open","template":"","meta":{"footnotes":""},"_links":{"self":[{"href":"https:\/\/guidoknaus.ch\/klassenlager15\/index.php?rest_route=\/wp\/v2\/pages\/9"}],"collection":[{"href":"https:\/\/guidoknaus.ch\/klassenlager15\/index.php?rest_route=\/wp\/v2\/pages"}],"about":[{"href":"https:\/\/guidoknaus.ch\/klassenlager15\/index.php?rest_route=\/wp\/v2\/types\/page"}],"author":[{"embeddable":true,"href":"https:\/\/guidoknaus.ch\/klassenlager15\/index.php?rest_route=\/wp\/v2\/users\/1"}],"replies":[{"embeddable":true,"href":"https:\/\/guidoknaus.ch\/klassenlager15\/index.php?rest_route=%2Fwp%2Fv2%2Fcomments&post=9"}],"version-history":[{"count":24,"href":"https:\/\/guidoknaus.ch\/klassenlager15\/index.php?rest_route=\/wp\/v2\/pages\/9\/revisions"}],"predecessor-version":[{"id":169,"href":"https:\/\/guidoknaus.ch\/klassenlager15\/index.php?rest_route=\/wp\/v2\/pages\/9\/revisions\/169"}],"wp:featuredmedia":[{"embeddable":true,"href":"https:\/\/guidoknaus.ch\/klassenlager15\/index.php?rest_route=\/wp\/v2\/media\/60"}],"wp:attachment":[{"href":"https:\/\/guidoknaus.ch\/klassenlager15\/index.php?rest_route=%2Fwp%2Fv2%2Fmedia&parent=9"}],"curies":[{"name":"wp","href":"https:\/\/api.w.org\/{rel}","templated":true}]}}