{"id":2,"date":"2015-05-07T05:24:08","date_gmt":"2015-05-07T05:24:08","guid":{"rendered":"http:\/\/localhost\/wordpress\/?page_id=2"},"modified":"2015-05-31T19:16:10","modified_gmt":"2015-05-31T19:16:10","slug":"sample-page","status":"publish","type":"page","link":"https:\/\/guidoknaus.ch\/klassenlager15\/?page_id=2","title":{"rendered":"Informationen"},"content":{"rendered":"<p>Letzte News\u00a0vor dem Lager unter Informationen.<\/p>\n<hr \/>\n<h3>Nicht vergessen:<\/h3>\n<ul>\n<li>Regenschutz im Tagesrucksack,<\/li>\n<li>USB-Kabel f\u00fcr Kamera oder Handy.<\/li>\n<\/ul>\n<h3>Postcard Creator:<\/h3>\n<p>Wer m\u00f6chte, kann mit der PostCard Creator-App t\u00e4glich einen kostenlosen Kartengruss verschicken.\u00a0Wichtig: Vor dem Klassenlager <a href=\"https:\/\/postcardcreator.post.ch\" target=\"_blank\">registrieren<\/a>. Adressen nicht vergessen\u00a0mitzunehmen.<\/p>\n<blockquote><p><a href=\"https:\/\/itunes.apple.com\/ch\/app\/postcard-creator\/id820354055?mt=8\" target=\"_blank\">&#8222;PostCard Creator\u201c f\u00fcr iPhone, iPod touch und iPad im App Store<\/a><\/p>\n<p><a href=\"https:\/\/play.google.com\/store\/apps\/details?id=ch.post.it.pcc&amp;hl=de\" target=\"_blank\">&#8222;PostCard Creator&#8220; \u2013 Android-Apps auf Google Play<\/a><\/p><\/blockquote>\n<p><!-- http:\/\/www.meteocentrale.ch\/ Homepage-Box --><\/p>\n<div style=\"margin: 0px; padding: 0px; width: 145px; color: black; font-size: 11px; font-family: Arial; text-align: left; border: 1px solid #787878; background-color: #fff; background-image: url('http:\/\/www.meteocentrale.ch\/fileadmin\/hpb\/header_gray.png'); background-repeat: no-repeat; line-height: normal;\"><a style=\"text-shadow: 1px 1px 0px #cf9200; padding: 3px 6px; display: block; font-size: 12px; color: white; text-decoration: none; font-weight: bold; background-color: none;\" href=\"http:\/\/www.meteocentrale.ch\/\" target=\"_blank\">meteo | centrale<\/a><\/p>\n<div id=\"place\" style=\"font-size: 11px; padding: 3px 6px; padding-top: 0px; font-weight: bold; text-shadow: 1px 1px 0px black; color: white;\"><a style=\"font-size: 11px; font-weight: bold; text-shadow: 1px 1px 0px black; color: white; text-decoration: none; background-color: none;\" title=\"\" href=\"http:\/\/www.meteocentrale.ch\/de\/europa\/schweiz\/wetter-ruedlingen\/details\/N-3516619\/\" target=\"_blank\">R\u00fcdlingen<\/a><\/div>\n<div id=\"weather\" style=\"font-size: 10px;\"><script src=\"http:\/\/data.meteomedia.de\/details\/DetailController.php?customer=homepagebox&amp;code=20522&amp;language=de\" type=\"text\/javascript\"><\/script><\/div>\n<\/div>\n<p><!-- http:\/\/www.meteocentrale.ch\/ Homepage-Box --><\/p>\n","protected":false},"excerpt":{"rendered":"<p>Letzte News\u00a0vor dem Lager unter Informationen. Nicht vergessen: Regenschutz im Tagesrucksack, USB-Kabel f\u00fcr Kamera oder Handy. Postcard Creator: Wer m\u00f6chte, kann mit der PostCard Creator-App t\u00e4glich einen kostenlosen Kartengruss verschicken.\u00a0Wichtig: [&hellip;]<\/p>\n","protected":false},"author":1,"featured_media":8,"parent":0,"menu_order":0,"comment_status":"closed","ping_status":"closed","template":"","meta":{"footnotes":""},"_links":{"self":[{"href":"https:\/\/guidoknaus.ch\/klassenlager15\/index.php?rest_route=\/wp\/v2\/pages\/2"}],"collection":[{"href":"https:\/\/guidoknaus.ch\/klassenlager15\/index.php?rest_route=\/wp\/v2\/pages"}],"about":[{"href":"https:\/\/guidoknaus.ch\/klassenlager15\/index.php?rest_route=\/wp\/v2\/types\/page"}],"author":[{"embeddable":true,"href":"https:\/\/guidoknaus.ch\/klassenlager15\/index.php?rest_route=\/wp\/v2\/users\/1"}],"replies":[{"embeddable":true,"href":"https:\/\/guidoknaus.ch\/klassenlager15\/index.php?rest_route=%2Fwp%2Fv2%2Fcomments&post=2"}],"version-history":[{"count":17,"href":"https:\/\/guidoknaus.ch\/klassenlager15\/index.php?rest_route=\/wp\/v2\/pages\/2\/revisions"}],"predecessor-version":[{"id":44,"href":"https:\/\/guidoknaus.ch\/klassenlager15\/index.php?rest_route=\/wp\/v2\/pages\/2\/revisions\/44"}],"wp:featuredmedia":[{"embeddable":true,"href":"https:\/\/guidoknaus.ch\/klassenlager15\/index.php?rest_route=\/wp\/v2\/media\/8"}],"wp:attachment":[{"href":"https:\/\/guidoknaus.ch\/klassenlager15\/index.php?rest_route=%2Fwp%2Fv2%2Fmedia&parent=2"}],"curies":[{"name":"wp","href":"https:\/\/api.w.org\/{rel}","templated":true}]}}