{"id":552,"date":"2017-10-08T08:54:50","date_gmt":"2017-10-08T08:54:50","guid":{"rendered":"http:\/\/guidoknaus.ch\/?page_id=552"},"modified":"2018-12-15T03:58:23","modified_gmt":"2018-12-15T03:58:23","slug":"begabungsfoerderung","status":"publish","type":"page","link":"https:\/\/guidoknaus.ch\/?page_id=552","title":{"rendered":"Begabungsf\u00f6rderung"},"content":{"rendered":"<blockquote><p>Hochbegabung ist nicht gleich Hochleistung! Hochbegabung ist ein Potential. Hochleistung wird m\u00f6glich, wenn ein Kind seine\u00a0besonderen F\u00e4higkeiten mit Engagement und Kreativit\u00e4t koppelt und so zu Hochform aufl\u00e4uft.<br \/>\n<em>Quelle:\u00a0<a href=\"http:\/\/www.hochbegabt.ch\" target=\"_blank\" rel=\"noopener\">hochbegabt.ch<\/a><\/em><\/p><\/blockquote>\n<p>Die Schulen Rorschach und Rorschacherberg unterhalten in Zusammenarbeit mit der P\u00e4dagogischen Hochschule eine schulhaus\u00fcbergreifende F\u00f6rderung f\u00fcr Kinder mit hohen Begabungen. Dabei wird zus\u00e4tzlicher Lernstoff auf hohem Niveau angeboten. Gef\u00f6rdert werden soziale und metakognitive Kompetenzen.<\/p>\n<ul>\n<li><a href=\"https:\/\/blogs.phsg.ch\/bgfr\/\" target=\"_blank\" rel=\"noopener\">Begabungsf\u00f6rderung \u2013 Blog mit Ressourcen, Unterrichtsmaterialien, Links, usw.<\/a>\u00a0\u2192 MakerSpace (passwortgesch\u00fctzt)<\/li>\n<\/ul>\n","protected":false},"excerpt":{"rendered":"<p>Hochbegabung ist nicht gleich Hochleistung! Hochbegabung ist ein Potential. Hochleistung wird m\u00f6glich, wenn ein Kind seine\u00a0besonderen F\u00e4higkeiten mit Engagement und Kreativit\u00e4t koppelt [&hellip;]<\/p>\n","protected":false},"author":1,"featured_media":0,"parent":0,"menu_order":0,"comment_status":"closed","ping_status":"closed","template":"","meta":{"footnotes":""},"class_list":["post-552","page","type-page","status-publish","hentry"],"_links":{"self":[{"href":"https:\/\/guidoknaus.ch\/index.php?rest_route=\/wp\/v2\/pages\/552","targetHints":{"allow":["GET"]}}],"collection":[{"href":"https:\/\/guidoknaus.ch\/index.php?rest_route=\/wp\/v2\/pages"}],"about":[{"href":"https:\/\/guidoknaus.ch\/index.php?rest_route=\/wp\/v2\/types\/page"}],"author":[{"embeddable":true,"href":"https:\/\/guidoknaus.ch\/index.php?rest_route=\/wp\/v2\/users\/1"}],"replies":[{"embeddable":true,"href":"https:\/\/guidoknaus.ch\/index.php?rest_route=%2Fwp%2Fv2%2Fcomments&post=552"}],"version-history":[{"count":4,"href":"https:\/\/guidoknaus.ch\/index.php?rest_route=\/wp\/v2\/pages\/552\/revisions"}],"predecessor-version":[{"id":939,"href":"https:\/\/guidoknaus.ch\/index.php?rest_route=\/wp\/v2\/pages\/552\/revisions\/939"}],"wp:attachment":[{"href":"https:\/\/guidoknaus.ch\/index.php?rest_route=%2Fwp%2Fv2%2Fmedia&parent=552"}],"curies":[{"name":"wp","href":"https:\/\/api.w.org\/{rel}","templated":true}]}}