{"id":39,"date":"2016-12-30T07:27:53","date_gmt":"2016-12-30T07:27:53","guid":{"rendered":"http:\/\/guidoknaus.ch\/?page_id=39"},"modified":"2016-12-30T09:04:26","modified_gmt":"2016-12-30T09:04:26","slug":"impressum","status":"publish","type":"page","link":"https:\/\/guidoknaus.ch\/?page_id=39","title":{"rendered":"Impressum"},"content":{"rendered":"<h5>Adresse<\/h5>\n<p>Guido Knaus<br \/>\nS\u00e4gewiesstrasse 11<br \/>\n9410 Heiden<\/p>\n<h5>Kontaktadresse<\/h5>\n<p>E-mail:\u00a0<a href=\"mailto:guido.knaus@phsg.ch\" target=\"_blank\">Guido Knaus<\/a><br \/>\nTelefon: +41 (0)71\u00a0891 51 46<\/p>\n<hr width=\"100%\" \/>\n<h3>AGB<\/h3>\n<h5>\u00a7\u00a0RECHTLICHE HINWEISE<\/h5>\n<p>S\u00e4mtliche Online-Dokumente sowie ihre Teile sind urheberrechtlich gesch\u00fctzt und d\u00fcrfen nur zum privaten, schulischen, wissenschaftlichen und nichtgewerblichen Gebrauch kopiert und ausgedruckt werden.<\/p>\n<p>Das Zitieren der Dokumente und Websites unter korrekter Quellenangabe sowie das Setzen von Links auf diese\u00a0Website sind ausdr\u00fccklich erlaubt.<\/p>\n<h5>\u00a7\u00a0HAFTUNGSAUSSCHLUSS<\/h5>\n<p>Die Informationen, die Sie auf diesem Internetauftritt vorfinden, wurden nach bestem Wissen und Gewissen sorgf\u00e4ltig zusammengestellt und gepr\u00fcft. Es wird jedoch keine Gew\u00e4hr \u2013 weder ausdr\u00fccklich noch stillschweigend \u2013 f\u00fcr die Vollst\u00e4ndigkeit, Richtigkeit, Aktualit\u00e4t oder Qualit\u00e4t und jederzeitige Verf\u00fcgbarkeit der bereit gestellten Informationen \u00fcbernommen. In keinem Fall wird f\u00fcr Sch\u00e4den, die sich aus der Verwendung der abgerufenen Informationen ergeben, eine Haftung \u00fcbernommen.<\/p>\n<h5>\u00a7 INTERNETSEITEN DRITTER ANBIETER \/ LINKS<\/h5>\n<p>Diese Internetseite enth\u00e4lt auch Links oder Verweise auf Internetauftritte Dritter. Diese Links zu den Internetauftritten Dritter stellen keine Zustimmung zu deren Inhalten durch den Herausgeber dar. Es wird keine Verantwortung f\u00fcr die Verf\u00fcgbarkeit oder den Inhalt solcher Internetauftritte \u00fcbernommen und keine Haftung f\u00fcr Sch\u00e4den oder Verletzungen, die aus der Nutzung \u2013 gleich welcher Art \u2013 solcher Inhalte entstehen. Mit den Links zu anderen Internetauftritten wird den Nutzern lediglich der Zugang zur Nutzung der Inhalte vermittelt. F\u00fcr illegale, fehlerhafte oder unvollst\u00e4ndige Inhalte und f\u00fcr Sch\u00e4den, die aus der Nutzung entstehen, haftet allein der Anbieter der Seite, auf welche verwiesen wurde.<\/p>\n","protected":false},"excerpt":{"rendered":"<p>Adresse Guido Knaus S\u00e4gewiesstrasse 11 9410 Heiden Kontaktadresse E-mail:\u00a0Guido Knaus Telefon: +41 (0)71\u00a0891 51 46 AGB \u00a7\u00a0RECHTLICHE HINWEISE S\u00e4mtliche Online-Dokumente sowie ihre [&hellip;]<\/p>\n","protected":false},"author":1,"featured_media":0,"parent":0,"menu_order":0,"comment_status":"closed","ping_status":"closed","template":"","meta":{"footnotes":""},"class_list":["post-39","page","type-page","status-publish","hentry"],"_links":{"self":[{"href":"https:\/\/guidoknaus.ch\/index.php?rest_route=\/wp\/v2\/pages\/39","targetHints":{"allow":["GET"]}}],"collection":[{"href":"https:\/\/guidoknaus.ch\/index.php?rest_route=\/wp\/v2\/pages"}],"about":[{"href":"https:\/\/guidoknaus.ch\/index.php?rest_route=\/wp\/v2\/types\/page"}],"author":[{"embeddable":true,"href":"https:\/\/guidoknaus.ch\/index.php?rest_route=\/wp\/v2\/users\/1"}],"replies":[{"embeddable":true,"href":"https:\/\/guidoknaus.ch\/index.php?rest_route=%2Fwp%2Fv2%2Fcomments&post=39"}],"version-history":[{"count":6,"href":"https:\/\/guidoknaus.ch\/index.php?rest_route=\/wp\/v2\/pages\/39\/revisions"}],"predecessor-version":[{"id":88,"href":"https:\/\/guidoknaus.ch\/index.php?rest_route=\/wp\/v2\/pages\/39\/revisions\/88"}],"wp:attachment":[{"href":"https:\/\/guidoknaus.ch\/index.php?rest_route=%2Fwp%2Fv2%2Fmedia&parent=39"}],"curies":[{"name":"wp","href":"https:\/\/api.w.org\/{rel}","templated":true}]}}