{"id":313,"date":"2017-01-18T08:20:54","date_gmt":"2017-01-18T08:20:54","guid":{"rendered":"http:\/\/guidoknaus.ch\/?page_id=313"},"modified":"2017-10-08T09:05:29","modified_gmt":"2017-10-08T09:05:29","slug":"lehrplan-21","status":"publish","type":"page","link":"https:\/\/guidoknaus.ch\/?page_id=313","title":{"rendered":"Medien und Informatik"},"content":{"rendered":"<h5>Kompetenzen und Unterrichtsideen zum Modullehrplan<\/h5>\n<p><em>Die Kompetenzen\u00a0im Bereich\u00a0Medien und Informatik sind direkt verlinkt mit meinen \u00fcber 10&#8217;000 gesammelten Unterrichtsideen.\u00a0Neue Unterrichtsideen oder Hinweise bitte an: <a href=\"mailto:guido.knaus@phsg.ch\" target=\"_blank\" rel=\"noopener noreferrer\">Guido Knaus<\/a>.\u00a0Vielen Dank!<\/em><\/p>\n<h6>1 | Medien<\/h6>\n<blockquote><p>Sch\u00fclerinnen und Sch\u00fcler k\u00f6nnen an der Mediengesellschaft selbstbestimmt, kreativ und m\u00fcndig teilhaben und sich sachgerecht und sozial verantwortlich verhalten.<\/p><\/blockquote>\n<p>1. <a href=\"http:\/\/blogs.phsg.ch\/ict-kompetenzen\/kompetenzen-21\/medien-und-informatik\/1-medien\/1-umwelt-mediale-virtuelle-lebensraume\/\">Die Sch\u00fclerinnen und Sch\u00fcler k\u00f6nnen sich in der physischen Umwelt sowie in medialen und virtuellen Lebensr\u00e4umen orientieren und sich darin entsprechend den Gesetzen, Regeln und Wertesystemen verhalten.<\/a><\/p>\n<p>2. <a href=\"http:\/\/blogs.phsg.ch\/ict-kompetenzen\/kompetenzen-21\/medien-und-informatik\/1-medien\/2-medien-und-medienbeitrage\/\">Die Sch\u00fclerinnen und Sch\u00fcler k\u00f6nnen Medien und Medienbeitr\u00e4ge entschl\u00fcsseln, reflektieren und nutzen.<\/a><\/p>\n<p>3. <a href=\"http:\/\/blogs.phsg.ch\/ict-kompetenzen\/kompetenzen-21\/medien-und-informatik\/1-medien\/3-medienbeitrage\/\">Die Sch\u00fclerinnen und Sch\u00fcler k\u00f6nnen Gedanken, Meinungen, Erfahrungen und Wissen in Medienbeitr\u00e4ge umsetzen und unter Einbezug der Gesetze, Regeln und Wertesysteme auch ver\u00f6ffentlichen.<\/a><\/p>\n<p>4. <a href=\"http:\/\/blogs.phsg.ch\/ict-kompetenzen\/kompetenzen-21\/medien-und-informatik\/1-medien\/4-kommunikation-kooperation\/\">Die Sch\u00fclerinnen und Sch\u00fcler k\u00f6nnen Medien interaktiv nutzen sowie mit anderen kommunizieren und kooperieren.<\/a><\/p>\n<hr \/>\n<h6>2 | Informatik<\/h6>\n<blockquote><p>Sch\u00fclerinnen und Sch\u00fcler verstehen Grundkonzepte der automatisierten Informationsverarbeitung, nutzen sie zur Entwicklung von L\u00f6sungsstrategien in allen Lebensbereichen und zum Verst\u00e4ndnis der Informationsgesellschaft.<\/p><\/blockquote>\n<p>1.<a href=\"http:\/\/blogs.phsg.ch\/ict-kompetenzen\/kompetenzen-21\/medien-und-informatik\/2-informatik\/1-daten-darstellen-strukturieren-auswerten\/\"> Die Sch\u00fclerinnen und Sch\u00fcler k\u00f6nnen Daten aus ihrer Umwelt darstellen, strukturieren und auswerten.<\/a><\/p>\n<p>2. <a href=\"http:\/\/blogs.phsg.ch\/ict-kompetenzen\/kompetenzen-21\/medien-und-informatik\/2-informatik\/2-problemstellungen-analysieren-losen-umsetzen\/\">Die Sch\u00fclerinnen und Sch\u00fcler k\u00f6nnen einfache Problemstellungen analysieren, m\u00f6gliche L\u00f6sungsverfahren beschreiben und in Programmen umsetzen.<\/a><\/p>\n<p>3. <a href=\"http:\/\/blogs.phsg.ch\/ict-kompetenzen\/kompetenzen-21\/medien-und-informatik\/2-informatik\/3-informationsverarbeitende-systeme-sichere-datenverarbeitung\/\">Die Sch\u00fclerinnen und Sch\u00fcler verstehen Aufbau und Funktionsweise von informationsverarbeitenden Systemen und k\u00f6nnen Konzepte der sicheren Datenverarbeitung anwenden.<\/a><\/p>\n<hr \/>\n<h6>3 | Anwenderkompetenzen<\/h6>\n<blockquote><p>Sch\u00fclerinnen und Sch\u00fcler nutzen Informations- und Kommunikationstechnologien in allen Fach- und Lebensbereichen effektiv und effizient.<\/p><\/blockquote>\n<p>1. <a href=\"http:\/\/blogs.phsg.ch\/ict-kompetenzen\/medien-und-informatik\/3-anwendungskompetenzen\/handhabung\/\">Handhabung<\/a><\/p>\n<p>2. <a href=\"http:\/\/blogs.phsg.ch\/ict-kompetenzen\/medien-und-informatik\/3-anwendungskompetenzen\/recherche-und-lernunterstutzung\/\">Recherche und Lernunterst\u00fctzung<\/a><\/p>\n<p>3. <a href=\"http:\/\/blogs.phsg.ch\/ict-kompetenzen\/medien-und-informatik\/3-anwendungskompetenzen\/produktion-und-prasentation\/\">Produktion und Pr\u00e4sentation<\/a><\/p>\n","protected":false},"excerpt":{"rendered":"<p>Kompetenzen und Unterrichtsideen zum Modullehrplan Die Kompetenzen\u00a0im Bereich\u00a0Medien und Informatik sind direkt verlinkt mit meinen \u00fcber 10&#8217;000 gesammelten Unterrichtsideen.\u00a0Neue Unterrichtsideen oder Hinweise [&hellip;]<\/p>\n","protected":false},"author":1,"featured_media":0,"parent":0,"menu_order":0,"comment_status":"closed","ping_status":"closed","template":"","meta":{"footnotes":""},"class_list":["post-313","page","type-page","status-publish","hentry"],"_links":{"self":[{"href":"https:\/\/guidoknaus.ch\/index.php?rest_route=\/wp\/v2\/pages\/313","targetHints":{"allow":["GET"]}}],"collection":[{"href":"https:\/\/guidoknaus.ch\/index.php?rest_route=\/wp\/v2\/pages"}],"about":[{"href":"https:\/\/guidoknaus.ch\/index.php?rest_route=\/wp\/v2\/types\/page"}],"author":[{"embeddable":true,"href":"https:\/\/guidoknaus.ch\/index.php?rest_route=\/wp\/v2\/users\/1"}],"replies":[{"embeddable":true,"href":"https:\/\/guidoknaus.ch\/index.php?rest_route=%2Fwp%2Fv2%2Fcomments&post=313"}],"version-history":[{"count":9,"href":"https:\/\/guidoknaus.ch\/index.php?rest_route=\/wp\/v2\/pages\/313\/revisions"}],"predecessor-version":[{"id":565,"href":"https:\/\/guidoknaus.ch\/index.php?rest_route=\/wp\/v2\/pages\/313\/revisions\/565"}],"wp:attachment":[{"href":"https:\/\/guidoknaus.ch\/index.php?rest_route=%2Fwp%2Fv2%2Fmedia&parent=313"}],"curies":[{"name":"wp","href":"https:\/\/api.w.org\/{rel}","templated":true}]}}