{"id":29,"date":"2016-12-30T07:25:51","date_gmt":"2016-12-30T07:25:51","guid":{"rendered":"http:\/\/guidoknaus.ch\/?page_id=29"},"modified":"2019-04-28T17:25:49","modified_gmt":"2019-04-28T17:25:49","slug":"medienbildung","status":"publish","type":"page","link":"https:\/\/guidoknaus.ch\/?page_id=29","title":{"rendered":"Medienbildung"},"content":{"rendered":"<h3>Leitmedienwechsel \u2013 Medienkompetenz als\u00a0vierte Kulturkompetenz der Menschheit<\/h3>\n<blockquote><p>&#8222;Die Einf\u00fchrung der Sprache konstituierte die Stammesgesellschaft, die Einf\u00fchrung der Schrift die antike Hochkultur, die Einf\u00fchrung des Buchdrucks die moderne Gesellschaft und die Einf\u00fchrung des Computers die n\u00e4chste Gesellschaft.\u00a0\u00a0(Dirk Baecker, 2007)<\/p>\n<p>&#8222;Die Institution \u201aSchule\u2019 ist\u00a0eigentlich ein (Neben-) Produkt der Medientechnologie des Buchdrucks, das mit zeitlicher Verz\u00f6gerung im 15. Jahrhundert entstanden ist.\u00a0(Torsten Meyer 2011)<\/p>\n<p>&#8222;Der Computer hat das Buch als Leitmedium abgel\u00f6st. Dieser Leitmedienwechsel stellt die Schule vor grosse Herausforderungen.&#8220; (Beat Doebeli, Mehr als 0 und 1 \u2013\u00a0Schule in einer digitalisierten Welt. 2016)<\/p>\n<p>&#8222;Wir haben es mit nichts Geringerem zu tun als mit der Vermutung, dass die Einf\u00fchrung des Computers f\u00fcr die Gesellschaft ebenso dramatische Folgen hat wie zuvor die Einf\u00fchrung der Sprache, der Schrift und des Buchdrucks.&#8220; (Dirk Baecker, 2007)<\/p><\/blockquote>\n<p>Die Informationstechnologie erweitert als vierte Kulturtechnik die bisherigen Kulturtechniken der Sprache, Schrift und des Buchdrucks. Die Vermittlung von Medienkompetenz, die Sammlung und\u00a0Entwicklung\u00a0von Unterrichtseinheiten zu Medien und Informatik spielen darum in meinen T\u00e4tigkeiten eine\u00a0signifikante\u00a0Rolle. Diese sehe ich als Chance und als Aufgabe in meinen verschiedenen interessanten T\u00e4tigkeiten auf allen Stufen der Volksschule, der Hochschule und der Lehrer- und Erwachsenenbildung:<\/p>\n<ul>\n<li>Medienp\u00e4dagoge (Kindergarten- und Primarschulstufe)<\/li>\n<li>Medientrainer Swisscom-Medienkurse (Primarschul- und Oberstufe)<\/li>\n<li>Lehrbeauftragter Medien &amp; Informatik (P\u00e4dagogische Hochschule)<\/li>\n<li>Leiter von Lehrer-Weiterbildungskursen\u00a0und Erwachsenenbildungskursen im Bereich Medien &amp; Informatik<\/li>\n<\/ul>\n<p><iframe loading=\"lazy\" src=\"http:\/\/www.scoop.it\/t\/medienkompetenz-by-guido-knaus\/js?format=square&amp;numberOfPosts=10&amp;title=Medienkompetenz&amp;speed=3&amp;mode=normal&amp;width=400\" width=\"400\" height=\"222\" frameborder=\"0\" scrolling=\"no\" align=\"middle\"><\/iframe><iframe loading=\"lazy\" src=\"http:\/\/www.scoop.it\/t\/lehrplan-21\/js?format=square&amp;numberOfPosts=10&amp;title=Lehrplan+21&amp;speed=3&amp;mode=normal&amp;width=400\" width=\"400\" height=\"222\" frameborder=\"0\" scrolling=\"no\" align=\"middle\"><\/iframe><\/p>\n","protected":false},"excerpt":{"rendered":"<p>Leitmedienwechsel \u2013 Medienkompetenz als\u00a0vierte Kulturkompetenz der Menschheit &#8222;Die Einf\u00fchrung der Sprache konstituierte die Stammesgesellschaft, die Einf\u00fchrung der Schrift die antike Hochkultur, die [&hellip;]<\/p>\n","protected":false},"author":1,"featured_media":0,"parent":0,"menu_order":0,"comment_status":"closed","ping_status":"closed","template":"page-templates\/page_fullwidth.php","meta":{"footnotes":""},"class_list":["post-29","page","type-page","status-publish","hentry"],"_links":{"self":[{"href":"https:\/\/guidoknaus.ch\/index.php?rest_route=\/wp\/v2\/pages\/29","targetHints":{"allow":["GET"]}}],"collection":[{"href":"https:\/\/guidoknaus.ch\/index.php?rest_route=\/wp\/v2\/pages"}],"about":[{"href":"https:\/\/guidoknaus.ch\/index.php?rest_route=\/wp\/v2\/types\/page"}],"author":[{"embeddable":true,"href":"https:\/\/guidoknaus.ch\/index.php?rest_route=\/wp\/v2\/users\/1"}],"replies":[{"embeddable":true,"href":"https:\/\/guidoknaus.ch\/index.php?rest_route=%2Fwp%2Fv2%2Fcomments&post=29"}],"version-history":[{"count":14,"href":"https:\/\/guidoknaus.ch\/index.php?rest_route=\/wp\/v2\/pages\/29\/revisions"}],"predecessor-version":[{"id":1038,"href":"https:\/\/guidoknaus.ch\/index.php?rest_route=\/wp\/v2\/pages\/29\/revisions\/1038"}],"wp:attachment":[{"href":"https:\/\/guidoknaus.ch\/index.php?rest_route=%2Fwp%2Fv2%2Fmedia&parent=29"}],"curies":[{"name":"wp","href":"https:\/\/api.w.org\/{rel}","templated":true}]}}