{"id":23,"date":"2016-12-30T07:24:19","date_gmt":"2016-12-30T07:24:19","guid":{"rendered":"http:\/\/guidoknaus.ch\/?page_id=23"},"modified":"2023-01-08T18:36:38","modified_gmt":"2023-01-08T18:36:38","slug":"medienbildung-phsg","status":"publish","type":"page","link":"https:\/\/guidoknaus.ch\/?page_id=23","title":{"rendered":"Medienbildung PHSG"},"content":{"rendered":"\n<h3 class=\"wp-block-heading\">Medienp\u00e4dagogik und Mediendidaktik<\/h3>\n\n\n\n<blockquote class=\"wp-block-quote is-layout-flow wp-block-quote-is-layout-flow\">\n<p>Medienkompetenz \u2013 Die Schl\u00fcsselqualifikation des 21. Jahrhunderts<\/p>\n<\/blockquote>\n\n\n\n<p>Das Modul Medien und Informatik\u00a0vermittelt die Grundlagen f\u00fcr einen mediengest\u00fctzten Unterricht. Vertiefungsstudien erg\u00e4nzen die Ausbildung.\u00a0Das Modul Differenzierung ICT beinhaltet die f\u00fcr den Lehrberuf notwendigen Grundkompetenzen im Umgang mit dem Computer und Internet im 1. Studienjahr (Blended Learning mit SOL-Bausteinen).<\/p>\n\n\n\n<p>Das Institut \u00abICT &amp; Medien\u00bb unterst\u00fctzt mit einem interdisziplin\u00e4ren Team Bildungsinstitutionen bei der digitalen Transformation. Es werden zudem massgeschneiderte Weiterbildungen zu Medien und Informatik sowie innovative Dienstleistungen im Bereich E-Learning f\u00fcr Schulen und Industriepartner angeboten. Zudem beteiligt sich das Institut \u00abICT &amp; Medien\u00bb an der aktuellen Forschung und Entwicklung in den Feldern Medienp\u00e4dagogik und Informatikdidaktik. Intern wird die Digitalisierung der Hochschule gef\u00f6rdert,\u00a0der mediendidaktische Support von Studierenden und Mitarbeitenden geleistet und\u00a0Innovationen in der Lehre gef\u00f6rdert.<\/p>\n\n\n\n<p>Interessant:<\/p>\n\n\n\n<ul class=\"wp-block-list\">\n<li>Meine Sammlung mit Unterrichtsideen, Ressourcen und Materialien: <a rel=\"noopener\" href=\"http:\/\/blogs.phsg.ch\/ict-kompetenzen\/\" target=\"_blank\">Medien und Informatik im Unterricht<\/a><\/li>\n\n\n\n<li><a href=\"https:\/\/zitbox.ch\" data-type=\"URL\" data-id=\"https:\/\/zitbox.ch\" target=\"_blank\" rel=\"noreferrer noopener\">zITBOx<\/a> (IT-Bildungsoffensive des Kantons St.Gallen)<\/li>\n\n\n\n<li><a href=\"https:\/\/aprendo.ch\" data-type=\"URL\" data-id=\"https:\/\/aprendo.ch\" target=\"_blank\" rel=\"noreferrer noopener\">aprendo<\/a> (Weiterbildungsangebot zur St\u00e4rkung der digitalen Kompetenzen von Lehrpersonen und Schulleitungen im Kanton St. Gallen.)<\/li>\n\n\n\n<li>Blog mit Robotik-Materialien zum Ausleihen: <a rel=\"noopener\" href=\"https:\/\/blogs.phsg.ch\/robotik\/\" target=\"_blank\">Robotik Lernkisten<\/a><\/li>\n\n\n\n<li>Blog zum Lernarrangement im RDZ Rorschach: <a rel=\"noopener\" href=\"https:\/\/blogs.phsg.ch\/analog-digital\/\" target=\"_blank\">\u00abanalog + digital\u00bb<\/a> (mit passwortgesch\u00fctzten Seiten)<\/li>\n<\/ul>\n\n\n\n<p><iframe loading=\"lazy\" src=\"http:\/\/www.scoop.it\/t\/mac-in-der-schule\/js?format=square&amp;numberOfPosts=10&amp;title=Mac+in+der+Schule&amp;speed=3&amp;mode=normal&amp;width=400\" width=\"400\" height=\"222\" frameborder=\"0\" scrolling=\"no\" align=\"middle\"><\/iframe><iframe loading=\"lazy\" src=\"http:\/\/www.scoop.it\/t\/windows-in-der-schule\/js?format=square&amp;numberOfPosts=10&amp;title=Windows+in+der+Schule&amp;speed=3&amp;mode=normal&amp;width=400\" width=\"400\" height=\"222\" frameborder=\"0\" scrolling=\"no\" align=\"middle\"><\/iframe><\/p>\n","protected":false},"excerpt":{"rendered":"<p>Medienp\u00e4dagogik und Mediendidaktik Medienkompetenz \u2013 Die Schl\u00fcsselqualifikation des 21. Jahrhunderts Das Modul Medien und Informatik\u00a0vermittelt die Grundlagen f\u00fcr einen mediengest\u00fctzten Unterricht. Vertiefungsstudien [&hellip;]<\/p>\n","protected":false},"author":1,"featured_media":0,"parent":0,"menu_order":0,"comment_status":"closed","ping_status":"closed","template":"","meta":{"footnotes":""},"class_list":["post-23","page","type-page","status-publish","hentry"],"_links":{"self":[{"href":"https:\/\/guidoknaus.ch\/index.php?rest_route=\/wp\/v2\/pages\/23","targetHints":{"allow":["GET"]}}],"collection":[{"href":"https:\/\/guidoknaus.ch\/index.php?rest_route=\/wp\/v2\/pages"}],"about":[{"href":"https:\/\/guidoknaus.ch\/index.php?rest_route=\/wp\/v2\/types\/page"}],"author":[{"embeddable":true,"href":"https:\/\/guidoknaus.ch\/index.php?rest_route=\/wp\/v2\/users\/1"}],"replies":[{"embeddable":true,"href":"https:\/\/guidoknaus.ch\/index.php?rest_route=%2Fwp%2Fv2%2Fcomments&post=23"}],"version-history":[{"count":13,"href":"https:\/\/guidoknaus.ch\/index.php?rest_route=\/wp\/v2\/pages\/23\/revisions"}],"predecessor-version":[{"id":1288,"href":"https:\/\/guidoknaus.ch\/index.php?rest_route=\/wp\/v2\/pages\/23\/revisions\/1288"}],"wp:attachment":[{"href":"https:\/\/guidoknaus.ch\/index.php?rest_route=%2Fwp%2Fv2%2Fmedia&parent=23"}],"curies":[{"name":"wp","href":"https:\/\/api.w.org\/{rel}","templated":true}]}}