{"id":21,"date":"2016-12-30T07:23:55","date_gmt":"2016-12-30T07:23:55","guid":{"rendered":"http:\/\/guidoknaus.ch\/?page_id=21"},"modified":"2017-01-03T10:27:50","modified_gmt":"2017-01-03T10:27:50","slug":"medien-trainer","status":"publish","type":"page","link":"https:\/\/guidoknaus.ch\/?page_id=21","title":{"rendered":"Medien-Trainer"},"content":{"rendered":"<h3>LerNetz-Trainer Swisscom-Medienkurse<\/h3>\n<blockquote><p>&#8222;Medienkompetenz gilt als vierte Kulturtechnik \u2013 neben Lesen, Schreiben und Rechnen. Sie ist notwendig, um unterschiedliche Alltags- und Berufssituationen zu bew\u00e4ltigen. Sch\u00fclerinnen und Sch\u00fcler m\u00fcssen lernen, Ihre Mediennutzung zu reflektieren, Gefahren zu erkennen und soziale Kompetenzen zu erweitern. Medienbildung in den Schulen wird daher immer wichtiger und bekommt mit der Umsetzung des Modullehrplanes \u00abMedien und Informatik\u00bb (Lehrplan 21) einen h\u00f6heren Stellwerk.&#8220;\u00a0<em>(Quelle:\u00a0<a href=\"http:\/\/guidoknaus.ch\/mk\/wp-content\/uploads\/2016\/10\/Flyer_Medienkurse_Sept2016.pdf\" target=\"_blank\">Flyer Swisscom-Medienkurse<\/a>)<\/em><\/p><\/blockquote>\n<p>Neue Medien sind aus dem Alltag Jugendlicher nicht mehr wegzudenken. Die Chancen: Wer Handy und Computer nutzt, entwickelt seine kommunikativen und sozialen F\u00e4higkeiten. Die Risiken: Es lauern auch Gefahren in der digitalen Welt. Die L\u00f6sung: Kompetent sein im Umgang mit digitalen Medien. Als Medienkursleiter informiere in Kursen an Schulen Lernende, Lehrpersonen und Eltern \u00fcber Faszination und Risiken der neuen Medien.<br \/>\n<a title=\"http:\/\/guidoknaus.ch\/mk\/\" href=\"http:\/\/guidoknaus.ch\/mk\/\" target=\"_blank\">Swisscom Medienkurse \u2013 Guido Knaus<br \/>\n<\/a><a href=\"https:\/\/www.swisscom.ch\/de\/schulen-ans-internet.html?ext-campID=SEA_GDE_SER_LI_MEDKS&amp;gclid=Cj0KEQiAtK3DBRCBxt-Yxduq5p4BEiQAbFiaPSJmmpceVXJSh5Sean9vG6jdACK-c0RHBM2hQseZxw4aAnQA8P8HAQ\" target=\"_blank\">Swisscom Medienkurse<\/a><\/p>\n<p><iframe loading=\"lazy\" src=\"http:\/\/www.scoop.it\/t\/facebook-chat-co-soziale-netzwerke\/js?format=square&amp;numberOfPosts=10&amp;title=Facebook%2C+Chat+%26+Co+%E2%80%93+Soziale+Netzwerke&amp;speed=3&amp;mode=normal&amp;width=400\" width=\"400\" height=\"222\" frameborder=\"0\" scrolling=\"no\" align=\"middle\"><\/iframe><iframe loading=\"lazy\" src=\"http:\/\/www.scoop.it\/t\/lernwelten\/js?format=square&amp;numberOfPosts=10&amp;title=Lernwelten&amp;speed=3&amp;mode=normal&amp;width=400\" width=\"400\" height=\"222\" frameborder=\"0\" scrolling=\"no\" align=\"middle\"><\/iframe><\/p>\n","protected":false},"excerpt":{"rendered":"<p>LerNetz-Trainer Swisscom-Medienkurse &#8222;Medienkompetenz gilt als vierte Kulturtechnik \u2013 neben Lesen, Schreiben und Rechnen. Sie ist notwendig, um unterschiedliche Alltags- und Berufssituationen zu [&hellip;]<\/p>\n","protected":false},"author":1,"featured_media":0,"parent":0,"menu_order":0,"comment_status":"closed","ping_status":"closed","template":"","meta":{"footnotes":""},"class_list":["post-21","page","type-page","status-publish","hentry"],"_links":{"self":[{"href":"https:\/\/guidoknaus.ch\/index.php?rest_route=\/wp\/v2\/pages\/21","targetHints":{"allow":["GET"]}}],"collection":[{"href":"https:\/\/guidoknaus.ch\/index.php?rest_route=\/wp\/v2\/pages"}],"about":[{"href":"https:\/\/guidoknaus.ch\/index.php?rest_route=\/wp\/v2\/types\/page"}],"author":[{"embeddable":true,"href":"https:\/\/guidoknaus.ch\/index.php?rest_route=\/wp\/v2\/users\/1"}],"replies":[{"embeddable":true,"href":"https:\/\/guidoknaus.ch\/index.php?rest_route=%2Fwp%2Fv2%2Fcomments&post=21"}],"version-history":[{"count":10,"href":"https:\/\/guidoknaus.ch\/index.php?rest_route=\/wp\/v2\/pages\/21\/revisions"}],"predecessor-version":[{"id":270,"href":"https:\/\/guidoknaus.ch\/index.php?rest_route=\/wp\/v2\/pages\/21\/revisions\/270"}],"wp:attachment":[{"href":"https:\/\/guidoknaus.ch\/index.php?rest_route=%2Fwp%2Fv2%2Fmedia&parent=21"}],"curies":[{"name":"wp","href":"https:\/\/api.w.org\/{rel}","templated":true}]}}