{"id":13,"date":"2016-12-30T07:22:35","date_gmt":"2016-12-30T07:22:35","guid":{"rendered":"http:\/\/guidoknaus.ch\/?page_id=13"},"modified":"2020-12-26T18:51:25","modified_gmt":"2020-12-26T18:51:25","slug":"fachkommission-swch","status":"publish","type":"page","link":"https:\/\/guidoknaus.ch\/?page_id=13","title":{"rendered":"Bildungskommission SWCH"},"content":{"rendered":"<h3>Fachkommission Medien &amp; Informatik \/ Mathematik<\/h3>\n<blockquote><p>\u00abEs ist eines der ungel\u00f6sten R\u00e4tsel unseres Universums, warum eine neue Kaffeemaschine im Lehrerzimmer mehr Begeisterung weckt als eine Weiterbildung \u00fcber neue Formen des Lehrens und Lernens.\u00bb<\/p>\n<p>(Diethelm Wahl, Nov. 2011)<\/p><\/blockquote>\n<p>Seit \u00fcber 125 Jahren engagiert sich swch.ch f\u00fcr eine humane Schule und eine ganzheitliche Bildung zum Wohl des Menschen. Im Hinblick auf dieses Ideal gelangten Jahr f\u00fcr Jahr Weiterbildungskurse zur Durchf\u00fchrung. Als Mitglied der Bildunskommission bin ich verantwortlich f\u00fcr die Medien- &amp; Informatik-Kurse. Wenn Sie gerne zu diesen F\u00e4chern einen Kurs erteilen m\u00f6chten, nehmen Sie mit mir Kontakt auf.<br \/>\n<a href=\"http:\/\/www.swch.ch\" target=\"_blank\" rel=\"noopener noreferrer\">SWCH<\/a><\/p>\n<p><iframe loading=\"lazy\" src=\"http:\/\/www.scoop.it\/t\/technologien\/js?format=square&amp;numberOfPosts=10&amp;title=Technologien+%E2%80%93+Trends&amp;mode=normal&amp;width=400\" width=\"400\" height=\"222\" frameborder=\"0\" scrolling=\"no\" align=\"middle\"><\/iframe><\/p>\n","protected":false},"excerpt":{"rendered":"<p>Fachkommission Medien &amp; Informatik \/ Mathematik \u00abEs ist eines der ungel\u00f6sten R\u00e4tsel unseres Universums, warum eine neue Kaffeemaschine im Lehrerzimmer mehr Begeisterung [&hellip;]<\/p>\n","protected":false},"author":1,"featured_media":0,"parent":0,"menu_order":0,"comment_status":"closed","ping_status":"closed","template":"","meta":{"footnotes":""},"class_list":["post-13","page","type-page","status-publish","hentry"],"_links":{"self":[{"href":"https:\/\/guidoknaus.ch\/index.php?rest_route=\/wp\/v2\/pages\/13","targetHints":{"allow":["GET"]}}],"collection":[{"href":"https:\/\/guidoknaus.ch\/index.php?rest_route=\/wp\/v2\/pages"}],"about":[{"href":"https:\/\/guidoknaus.ch\/index.php?rest_route=\/wp\/v2\/types\/page"}],"author":[{"embeddable":true,"href":"https:\/\/guidoknaus.ch\/index.php?rest_route=\/wp\/v2\/users\/1"}],"replies":[{"embeddable":true,"href":"https:\/\/guidoknaus.ch\/index.php?rest_route=%2Fwp%2Fv2%2Fcomments&post=13"}],"version-history":[{"count":11,"href":"https:\/\/guidoknaus.ch\/index.php?rest_route=\/wp\/v2\/pages\/13\/revisions"}],"predecessor-version":[{"id":1237,"href":"https:\/\/guidoknaus.ch\/index.php?rest_route=\/wp\/v2\/pages\/13\/revisions\/1237"}],"wp:attachment":[{"href":"https:\/\/guidoknaus.ch\/index.php?rest_route=%2Fwp%2Fv2%2Fmedia&parent=13"}],"curies":[{"name":"wp","href":"https:\/\/api.w.org\/{rel}","templated":true}]}}